{"id":92,"date":"2017-09-02T21:06:49","date_gmt":"2017-09-02T19:06:49","guid":{"rendered":"http:\/\/asmsetri42.com\/?page_id=92"},"modified":"2025-11-04T23:35:51","modified_gmt":"2025-11-04T22:35:51","slug":"licence","status":"publish","type":"page","link":"https:\/\/asmsetri42.com\/index.php\/licence\/","title":{"rendered":"LICENCE 2025-2026 (rentr\u00e9e septembre 2025)"},"content":{"rendered":"<h2 class=\"titre_page\"><em style=\"font-size: 22px;\">Le club a renouvel\u00e9 son affiliation d\u00e9but septembre, la prise de licence pour 2025-2026 est d\u00e9sormais possible.<\/em><\/h2>\n<h4 data-start=\"166\" data-end=\"213\">\ud83d\udcf2 Prise de licence d\u00e9mat\u00e9rialis\u00e9e \u2013 FFTRI<\/h4>\n<p>Merci de remplir ce <a href=\"https:\/\/docs.google.com\/forms\/d\/e\/1FAIpQLSdX83963lfql4t8LhARrhhgUoVuaIqyMXbdICyz7fqB6V8QaQ\/viewform?usp=sharing&amp;ouid=106347364469258106653\" target=\"_blank\" rel=\"noopener\">formulaire <\/a>afin de proc\u00e9der \u00e0 votre inscription ou r\u00e9inscription pour la saison [2025-2026].<\/p>\n<div>\u26a0\ufe0f Les informations recueillies sont n\u00e9cessaires pour l\u2019\u00e9tablissement de votre licence \u00e0 la F\u00e9d\u00e9ration Fran\u00e7aise de Triathlon (FFTri).<\/div>\n<p data-start=\"215\" data-end=\"398\">\ud83d\udc49 Vous n\u2019avez pas encore de licence FFTRI ?<br data-start=\"259\" data-end=\"262\" \/>Cliquez sur <strong data-start=\"274\" data-end=\"294\">\u00ab Se licencier \u00bb<\/strong> directement sur le site :<br data-start=\"320\" data-end=\"323\" \/>\ud83d\udd17 <a class=\"decorated-link\" href=\"https:\/\/www.fftri.com\" target=\"_new\" rel=\"noopener\" data-start=\"326\" data-end=\"396\">F\u00e9d\u00e9ration Fran\u00e7aise de Triathlon \u2013 fftri.com<\/a><\/p>\n<p>\ud83d\udc49 D\u00e9j\u00e0 licenci\u00e9(e) ?<br data-start=\"421\" data-end=\"424\" \/>Renouvelez en ligne avec vos identifiants et mot de passe :<br data-start=\"483\" data-end=\"486\" \/>\ud83d\udd17 <a class=\"decorated-link\" href=\"http:\/\/espacetri.fftri.com\/users\/user\/login\" target=\"_new\" rel=\"noopener\" data-start=\"489\" data-end=\"558\">Espace Tri \u2013 Connexion<\/a><\/p>\n<\/p>\n<div>\n<hr data-start=\"1214\" data-end=\"1217\" \/>\n<p data-start=\"1219\" data-end=\"1337\">\ud83d\udca1 <strong data-start=\"1222\" data-end=\"1234\">Astuce :<\/strong> La d\u00e9marche en ligne permet de gagner du temps et d\u2019assurer un suivi direct via la plateforme FFTRI. Ainsi nous incitons la prise de licence de mani\u00e8re d\u00e9mat\u00e9rialis\u00e9e mais la version papier reste possible :\u00a0<\/p>\n<\/div>\n<div class=\"contenu\">\n<p>1 \u2013 Remplir et imprimer la demande de licence, la signer.<\/p>\n<p>2 \u2013 Imprimer le certificat m\u00e9dical et le faire valider par un m\u00e9decin.&#8211;&gt; Le certificat m\u00e9dical est valable 3 ans (si vous l&rsquo;avez produit en 2021 ou 2022 il est encore valable)<\/p>\n<p>3 \u2013 \u00a0Une photo r\u00e9cente pour les nouveaux<br \/>4 \u2013 \u00a0Envoyer le tout accompagn\u00e9 du r\u00e8glement par ch\u00e8que \u00e0 l\u2019adresse suivante :<\/p>\n<\/div>\n<div class=\"contenu\">Maxime FONTAINE<\/div>\n<div>B\u00e2timent B<\/div>\n<div class=\"contenu\">31 All\u00e9e Chantegrillet<\/div>\n<div class=\"contenu\">42100 Saint-\u00c9tienne<\/div>\n<div>\u00a0<\/div>\n<div class=\"contenu\">NB : Merci de transmettre votre dossier par la Poste. Tout autre moyen sera refus\u00e9 !<\/p>\n<p>&#8211;&gt; <strong>Tutoriel<\/strong> de prise de licence disponible <a href=\"https:\/\/asmsetri42.com\/wp-content\/uploads\/2018\/09\/20180828-Tuto-prise-de-licence-d\u00e9mat\u00e9rialis\u00e9e.pdf\" target=\"_blank\" rel=\"noopener noreferrer\">ICI<\/a>.<\/p>\n<p><strong>Tarifs d\u2019adh\u00e9sion 2025\/2026 (ch\u00e8ques \u00e0 l\u2019ordre de ASMSE TRI 42 &#8211; mais le paiement en ligne est pr\u00e9f\u00e9r\u00e9 si possible)<\/strong>.<\/p>\n<p>Le montant de l\u2019inscription inclut la part club et la part f\u00e9d\u00e9rale que le club reversera \u00e0 la FFTRi (c\u2019est ce montant qui appara\u00eet sur le site f\u00e9d\u00e9ral). Les ch\u00e8ques et les photos n&rsquo;aimant pas le contact de l&rsquo;eau de la piscine ou des douches, la voie postale est plus s\u00fbre.<\/p>\n<p>Si vous d\u00e9sirez faire partie de notre \u00ab Club des M\u00e9c\u00e8nes \u00bb, merci de \u00a0bien \u00e9tablir un second ch\u00e8que \u00e0 \u00a0l\u2019ordre de l\u2019ASMSE, cela permettra \u00e0 notre association d&rsquo;avancer sur les diff\u00e9rents projets (formation des jeunes, \u00e9quipes \u00e9lites, groupe LD, pratique f\u00e9minine, sport sant\u00e9&#8230;)<\/p>\n<p><strong>Informations utiles pour le choix du type de licence :<\/strong><\/p>\n<p><strong>Jeunes :<\/strong> Nous proposons 2 options d\u2019adh\u00e9sion (licence comp\u00e9tition + loisir) mais nous incitons les gens \u00e0 prendre la licence comp\u00e9tition qui donne droit de faire des comp\u00e9titions.<\/p>\n<p><strong>U23 : <\/strong>de 19 \u00e0 23ans<\/p>\n<p>La r\u00e9duction \u201cfamille\u201d correspond \u00e0 20\u20ac de r\u00e9duction pour le deuxi\u00e8me enfant, 40\u20ac de r\u00e9duction pour le troisi\u00e8me enfant, 60\u20ac pour le quatri\u00e8me enfant\u2026<\/p>\n<\/div>\n\n\n<div class=\"wp-block-group is-layout-constrained wp-block-group-is-layout-constrained\">\n<figure class=\"wp-block-table is-style-stripes has-small-font-size\" style=\"padding-top:0;padding-right:0;padding-bottom:0;padding-left:0\"><table><thead><tr><th>CAT\u00c9GORIES               <\/th><th class=\"has-text-align-center\" data-align=\"center\">Cotisation 2025<br>(adh\u00e9sion club + licence FFTRi)<\/th><th class=\"has-text-align-center\" data-align=\"center\">licence loisir<\/th><th class=\"has-text-align-center\" data-align=\"center\">licence comp\u00e9tition<\/th><th class=\"has-text-align-center\" data-align=\"center\">Ann\u00e9es concern\u00e9es<\/th><th class=\"has-text-align-center\" data-align=\"center\">Remarque<\/th><\/tr><\/thead><tbody><tr><td>Adultes (s\u00e9niors \u00e0 V\u00e9t\u00e9rans)<\/td><td class=\"has-text-align-center\" data-align=\"center\">puissance 1<\/td><td class=\"has-text-align-center\" data-align=\"center\">215\u20ac<\/td><td class=\"has-text-align-center\" data-align=\"center\">275\u20ac *<\/td><td class=\"has-text-align-center\" data-align=\"center\">N\u00e9s entre 2002 et avant<\/td><td class=\"has-text-align-center\" data-align=\"center\">1 cr\u00e9neau natation par semaine, acc\u00e8s illimit\u00e9 pour PPG, C\u00e0p, V\u00e9lo<\/td><\/tr><tr><td>Adultes (s\u00e9niors \u00e0 V\u00e9t\u00e9rans)<\/td><td class=\"has-text-align-center\" data-align=\"center\">puissance illimit\u00e9e<\/td><td class=\"has-text-align-center\" data-align=\"center\">230\u20ac<\/td><td class=\"has-text-align-center\" data-align=\"center\">290\u20ac<\/td><td class=\"has-text-align-center\" data-align=\"center\">N\u00e9s entre 2002 et avant<\/td><td class=\"has-text-align-center\" data-align=\"center\">2 cr\u00e9neaux natation et plus par semaine, acc\u00e8s illimit\u00e9 pour PPG, C\u00e0p, V\u00e9lo<\/td><\/tr><tr><td>SPORT SANT\u00c9<\/td><td class=\"has-text-align-center\" data-align=\"center\"><\/td><td class=\"has-text-align-center\" data-align=\"center\">100 \u20ac<\/td><td class=\"has-text-align-center\" data-align=\"center\">\/<\/td><td class=\"has-text-align-center\" data-align=\"center\">tous \u00e2ges<\/td><td class=\"has-text-align-center\" data-align=\"center\"><\/td><\/tr><tr><td>U23<\/td><td class=\"has-text-align-center\" data-align=\"center\">puissance 1<\/td><td class=\"has-text-align-center\" data-align=\"center\">\/<\/td><td class=\"has-text-align-center\" data-align=\"center\">255\u20ac<\/td><td class=\"has-text-align-center\" data-align=\"center\">moins de 23ans<\/td><td class=\"has-text-align-center\" data-align=\"center\">1 cr\u00e9neau natation par semaine, acc\u00e8s illimit\u00e9 pour PPG, C\u00e0p, V\u00e9lo<\/td><\/tr><tr><td>U23<\/td><td class=\"has-text-align-center\" data-align=\"center\">puissance illimit\u00e9e<\/td><td class=\"has-text-align-center\" data-align=\"center\">\/<\/td><td class=\"has-text-align-center\" data-align=\"center\">270\u20ac<\/td><td class=\"has-text-align-center\" data-align=\"center\">moins de 23ans<\/td><td class=\"has-text-align-center\" data-align=\"center\">2 cr\u00e9neaux natation et plus par semaine, acc\u00e8s illimit\u00e9 pour PPG, C\u00e0p, V\u00e9lo<\/td><\/tr><tr><td>Jeunes (mini-poussins \u00e0 Juniors)<\/td><td class=\"has-text-align-center\" data-align=\"center\">puissance 2<\/td><td class=\"has-text-align-center\" data-align=\"center\">\/<\/td><td class=\"has-text-align-center\" data-align=\"center\">225\u20ac<\/td><td class=\"has-text-align-center\" data-align=\"center\"><div role=\"textbox\" aria-multiline=\"true\" aria-label=\"Texte de la cellule du corps\" aria-readonly=\"false\" contenteditable=\"true\" class=\"block-editor-rich-text__editable rich-text\" style=\"white-space: pre-wrap; min-width: 1px;\">n\u00e9 entre 2007 et 2020<\/div><\/td><td class=\"has-text-align-center\" data-align=\"center\">2 S\u00e9ances de natation par semaine <strong>lundi et samedi<\/strong><br>2 s\u00e9ances de course \u00e0 pied\/v\u00e9lo <strong>mercredi et samedi<\/strong><\/td><\/tr><tr><td>Jeunes (mini-poussins \u00e0 Juniors)<\/td><td class=\"has-text-align-center\" data-align=\"center\">puissance 4<\/td><td class=\"has-text-align-center\" data-align=\"center\">\/<\/td><td class=\"has-text-align-center\" data-align=\"center\">290\u20ac<\/td><td class=\"has-text-align-center\" data-align=\"center\"><\/td><td class=\"has-text-align-center\" data-align=\"center\">3 \u00e0 4 s\u00e9ances de natation par semaine <strong>lundi<\/strong>,<strong> mercredi, jeudi et samedi<\/strong>, Course \u00e0 pied, PPG, v\u00e9lo illimit\u00e9 sur les cr\u00e9neaux propos\u00e9s<\/td><\/tr><\/tbody><\/table><figcaption class=\"wp-element-caption\">*&nbsp;Pour l\u2019option \u00e0 275\u20ac, en d\u00e9but de saison, les adh\u00e9rents s\u2019inscrivent sur leur cr\u00e9neau (possibilit\u00e9 d\u2019ajuster si les contraintes professionnelles\/familiales varient de semaine en semaine). On fonctionne sur la base de la confiance.<\/figcaption><\/figure>\n\n\n\n<figure class=\"wp-block-table is-style-stripes has-small-font-size\" style=\"padding-top:0;padding-right:0;padding-bottom:0;padding-left:0\"><table><thead><tr><th class=\"has-text-align-center\" data-align=\"center\">AUTRES<\/th><th class=\"has-text-align-center\" data-align=\"center\">Cotisation 2025<br>(adh\u00e9sion club + licence FFTRi)<\/th><th class=\"has-text-align-center\" data-align=\"center\">Ann\u00e9es concern\u00e9es<\/th><th class=\"has-text-align-center\" data-align=\"center\">Remarque<\/th><\/tr><\/thead><tbody><tr><td class=\"has-text-align-center\" data-align=\"center\">Adh\u00e9sion**<\/td><td class=\"has-text-align-center\" data-align=\"center\">de 50 \u00e0 250\u20ac<\/td><td class=\"has-text-align-center\" data-align=\"center\">tous \u00e2ges<\/td><td class=\"has-text-align-center\" data-align=\"center\">permet \u00e0 un licenci\u00e9 dans un autre club de triathlon de participer de 1 \u00e0 3 entra\u00eenements par semaine (sous r\u00e9serve d&rsquo;accord et de place)        <\/td><\/tr><tr><td class=\"has-text-align-center\" data-align=\"center\">Paratriathlon<\/td><td class=\"has-text-align-center\" data-align=\"center\">100\u20ac<\/td><td class=\"has-text-align-center\" data-align=\"center\">tous \u00e2ges<\/td><td class=\"has-text-align-center\" data-align=\"center\"><\/td><\/tr><tr><td class=\"has-text-align-center\" data-align=\"center\">Dirigeant<\/td><td class=\"has-text-align-center\" data-align=\"center\">22,70\u20ac<\/td><td class=\"has-text-align-center\" data-align=\"center\"><\/td><td class=\"has-text-align-center\" data-align=\"center\">ne permet pas de participer aux entra\u00eenements<\/td><\/tr><\/tbody><\/table><figcaption class=\"wp-element-caption\">**Adh\u00e9sion club<br>Un athl\u00e8te d\u00e9j\u00e0 licenci\u00e9 dans un autre club de triathlon qui viendrait \u00e0 s\u00e9journer de mani\u00e8re temporaire sur St Etienne peut acc\u00e9der aux entra\u00eenements du club (dans la limite des places disponibles) apr\u00e8s accord de la copr\u00e9sidence, moyennant de payer une adh\u00e9sion.<br>Le tarif de l\u2019adh\u00e9sion est fix\u00e9 \u00e0 50\u20ac pour un jeune, 100\u20ac pour un U23, 150\u20ac pour un adulte pour 1 NATATION par semaine. Le tarif de l\u2019adh\u00e9sion est fix\u00e9 \u00e0 100\u20ac pour un jeune, 150\u20ac pour un U23, 200\u20ac pour un adulte pour 2 NATATIONS par semaine. Le tarif de l\u2019adh\u00e9sion est fix\u00e9 \u00e0 150\u20ac pour un jeune, 200\u20ac pour un U23, 250\u20ac pour un adulte pour 3 NATATIONS par semaine. La dur\u00e9e de validit\u00e9 est de 1an avec pour objectif de prendre sa licence au club l&rsquo;ann\u00e9e qui suit.<\/figcaption><\/figure>\n\n\n\n<p><\/p>\n<\/div>\n","protected":false},"excerpt":{"rendered":"<p>Le club a renouvel\u00e9 son affiliation d\u00e9but septembre, la prise de licence pour 2025-2026 est d\u00e9sormais possible. \ud83d\udcf2 Prise de<\/p>\n","protected":false},"author":1,"featured_media":0,"parent":0,"menu_order":0,"comment_status":"closed","ping_status":"closed","template":"","meta":{"footnotes":""},"class_list":["post-92","page","type-page","status-publish","hentry"],"_links":{"self":[{"href":"https:\/\/asmsetri42.com\/index.php\/wp-json\/wp\/v2\/pages\/92","targetHints":{"allow":["GET"]}}],"collection":[{"href":"https:\/\/asmsetri42.com\/index.php\/wp-json\/wp\/v2\/pages"}],"about":[{"href":"https:\/\/asmsetri42.com\/index.php\/wp-json\/wp\/v2\/types\/page"}],"author":[{"embeddable":true,"href":"https:\/\/asmsetri42.com\/index.php\/wp-json\/wp\/v2\/users\/1"}],"replies":[{"embeddable":true,"href":"https:\/\/asmsetri42.com\/index.php\/wp-json\/wp\/v2\/comments?post=92"}],"version-history":[{"count":46,"href":"https:\/\/asmsetri42.com\/index.php\/wp-json\/wp\/v2\/pages\/92\/revisions"}],"predecessor-version":[{"id":2609,"href":"https:\/\/asmsetri42.com\/index.php\/wp-json\/wp\/v2\/pages\/92\/revisions\/2609"}],"wp:attachment":[{"href":"https:\/\/asmsetri42.com\/index.php\/wp-json\/wp\/v2\/media?parent=92"}],"curies":[{"name":"wp","href":"https:\/\/api.w.org\/{rel}","templated":true}]}}