{"id":89,"date":"2017-09-02T21:02:47","date_gmt":"2017-09-02T19:02:47","guid":{"rendered":"http:\/\/asmsetri42.com\/?page_id=89"},"modified":"2024-06-07T19:09:29","modified_gmt":"2024-06-07T17:09:29","slug":"triathlon-de-st-victor","status":"publish","type":"page","link":"https:\/\/asmsetri42.com\/index.php\/triathlon-de-st-victor\/","title":{"rendered":"Triathlon des Gorges de la Loire"},"content":{"rendered":"\n<div class=\"wp-block-buttons alignwide is-content-justification-center is-layout-flex wp-container-core-buttons-is-layout-a89b3969 wp-block-buttons-is-layout-flex\">\n<div class=\"wp-block-button\"><a class=\"wp-block-button__link wp-element-button\" href=\"https:\/\/photos.app.goo.gl\/7zHyRWzvzEEUcV2x7\" target=\"_blank\" rel=\"noreferrer noopener\">photos PAO photographie \u00e9dition 2024 ALBUM 1<\/a><\/div>\n\n\n\n<div class=\"wp-block-button\"><a class=\"wp-block-button__link wp-element-button\" href=\"https:\/\/photos.app.goo.gl\/VAByUbpFABdehgmEA\">photos PAO photographie \u00e9dition 2024 ALBUM 2<\/a><\/div>\n\n\n\n<div class=\"wp-block-button is-style-fill\"><a class=\"wp-block-button__link has-text-align-center wp-element-button\" href=\"https:\/\/drive.google.com\/drive\/folders\/1s3KAcwsOTjohyowe05uSL9kzP3Y9BOQe?usp=drive_link\" target=\"_blank\" rel=\"noreferrer noopener\">photos Axel Aubert \u00e9dition 2024<\/a><\/div>\n<\/div>\n\n\n\n<p> <\/p>\n\n\n\n<figure class=\"wp-block-gallery has-nested-images columns-default wp-block-gallery-1 is-layout-flex wp-block-gallery-is-layout-flex\">\n<figure class=\"wp-block-image size-large\"><img loading=\"lazy\" decoding=\"async\" width=\"683\" height=\"1024\" data-id=\"2207\" src=\"https:\/\/asmsetri42.com\/wp-content\/uploads\/2024\/06\/IMG_0711-683x1024.jpg\" alt=\"\" class=\"wp-image-2207\" srcset=\"https:\/\/asmsetri42.com\/wp-content\/uploads\/2024\/06\/IMG_0711-683x1024.jpg 683w, https:\/\/asmsetri42.com\/wp-content\/uploads\/2024\/06\/IMG_0711-200x300.jpg 200w, https:\/\/asmsetri42.com\/wp-content\/uploads\/2024\/06\/IMG_0711-768x1152.jpg 768w, https:\/\/asmsetri42.com\/wp-content\/uploads\/2024\/06\/IMG_0711-1024x1536.jpg 1024w, https:\/\/asmsetri42.com\/wp-content\/uploads\/2024\/06\/IMG_0711-1365x2048.jpg 1365w, https:\/\/asmsetri42.com\/wp-content\/uploads\/2024\/06\/IMG_0711-scaled.jpg 1707w\" sizes=\"auto, (max-width: 683px) 100vw, 683px\" \/><\/figure>\n\n\n\n<figure class=\"wp-block-image size-large is-style-default\"><img loading=\"lazy\" decoding=\"async\" width=\"1706\" height=\"2560\" data-id=\"2215\" src=\"https:\/\/asmsetri42.com\/wp-content\/uploads\/2024\/06\/IMG_0331-edited-1-scaled.jpg\" alt=\"\" class=\"wp-image-2215\" srcset=\"https:\/\/asmsetri42.com\/wp-content\/uploads\/2024\/06\/IMG_0331-edited-1-scaled.jpg 1706w, https:\/\/asmsetri42.com\/wp-content\/uploads\/2024\/06\/IMG_0331-edited-1-200x300.jpg 200w, https:\/\/asmsetri42.com\/wp-content\/uploads\/2024\/06\/IMG_0331-edited-1-683x1024.jpg 683w, https:\/\/asmsetri42.com\/wp-content\/uploads\/2024\/06\/IMG_0331-edited-1-768x1152.jpg 768w, https:\/\/asmsetri42.com\/wp-content\/uploads\/2024\/06\/IMG_0331-edited-1-1024x1536.jpg 1024w, https:\/\/asmsetri42.com\/wp-content\/uploads\/2024\/06\/IMG_0331-edited-1-1365x2048.jpg 1365w\" sizes=\"auto, (max-width: 1706px) 100vw, 1706px\" \/><\/figure>\n\n\n\n<figure class=\"wp-block-image size-large\"><img loading=\"lazy\" decoding=\"async\" width=\"683\" height=\"1024\" data-id=\"2210\" src=\"https:\/\/asmsetri42.com\/wp-content\/uploads\/2024\/06\/IMG_0191-683x1024.jpg\" alt=\"\" class=\"wp-image-2210\" srcset=\"https:\/\/asmsetri42.com\/wp-content\/uploads\/2024\/06\/IMG_0191-683x1024.jpg 683w, https:\/\/asmsetri42.com\/wp-content\/uploads\/2024\/06\/IMG_0191-200x300.jpg 200w, https:\/\/asmsetri42.com\/wp-content\/uploads\/2024\/06\/IMG_0191-768x1152.jpg 768w, https:\/\/asmsetri42.com\/wp-content\/uploads\/2024\/06\/IMG_0191-1024x1536.jpg 1024w, https:\/\/asmsetri42.com\/wp-content\/uploads\/2024\/06\/IMG_0191-1365x2048.jpg 1365w, https:\/\/asmsetri42.com\/wp-content\/uploads\/2024\/06\/IMG_0191-scaled.jpg 1707w\" sizes=\"auto, (max-width: 683px) 100vw, 683px\" \/><\/figure>\n<\/figure>\n\n\n\n<p> <\/p>\n\n\n\n<div class=\"wp-block-buttons is-content-justification-center is-layout-flex wp-container-core-buttons-is-layout-a89b3969 wp-block-buttons-is-layout-flex\">\n<div class=\"wp-block-button\"><a class=\"wp-block-button__link wp-element-button\" href=\"https:\/\/altichrono.fr\/resultats\/2024_tgl\/\" target=\"_blank\" rel=\"noreferrer noopener\">r\u00e9sultats 2024<\/a><\/div>\n<\/div>\n\n\n\n<details class=\"wp-block-details is-layout-flow wp-block-details-is-layout-flow\"><summary>\u00c9dition 2023<\/summary>\n<div class=\"wp-block-buttons is-content-justification-center is-layout-flex wp-container-core-buttons-is-layout-a89b3969 wp-block-buttons-is-layout-flex\">\n<div class=\"wp-block-button\"><a class=\"wp-block-button__link wp-element-button\" href=\"https:\/\/altichrono.fr\/resultats\/2023_tgl\" target=\"_blank\" rel=\"noreferrer noopener\">r\u00e9sultats 2023<\/a><\/div>\n<\/div>\n\n\n\n<figure class=\"wp-block-gallery has-nested-images columns-default wp-block-gallery-2 is-layout-flex wp-block-gallery-is-layout-flex\">\n<figure class=\"wp-block-image size-large\"><img loading=\"lazy\" decoding=\"async\" width=\"683\" height=\"1024\" data-id=\"1769\" src=\"https:\/\/asmsetri42.com\/wp-content\/uploads\/2023\/08\/IMG_5027-683x1024.jpg\" alt=\"\" class=\"wp-image-1769\" srcset=\"https:\/\/asmsetri42.com\/wp-content\/uploads\/2023\/08\/IMG_5027-683x1024.jpg 683w, https:\/\/asmsetri42.com\/wp-content\/uploads\/2023\/08\/IMG_5027-200x300.jpg 200w, https:\/\/asmsetri42.com\/wp-content\/uploads\/2023\/08\/IMG_5027-768x1152.jpg 768w, https:\/\/asmsetri42.com\/wp-content\/uploads\/2023\/08\/IMG_5027-1024x1536.jpg 1024w, https:\/\/asmsetri42.com\/wp-content\/uploads\/2023\/08\/IMG_5027-1365x2048.jpg 1365w, https:\/\/asmsetri42.com\/wp-content\/uploads\/2023\/08\/IMG_5027-scaled.jpg 1707w\" sizes=\"auto, (max-width: 683px) 100vw, 683px\" \/><\/figure>\n\n\n\n<figure class=\"wp-block-image size-large\"><img loading=\"lazy\" decoding=\"async\" width=\"683\" height=\"1024\" data-id=\"1768\" src=\"https:\/\/asmsetri42.com\/wp-content\/uploads\/2023\/08\/IMG_6089-683x1024.jpg\" alt=\"\" class=\"wp-image-1768\" srcset=\"https:\/\/asmsetri42.com\/wp-content\/uploads\/2023\/08\/IMG_6089-683x1024.jpg 683w, https:\/\/asmsetri42.com\/wp-content\/uploads\/2023\/08\/IMG_6089-200x300.jpg 200w, https:\/\/asmsetri42.com\/wp-content\/uploads\/2023\/08\/IMG_6089-768x1152.jpg 768w, https:\/\/asmsetri42.com\/wp-content\/uploads\/2023\/08\/IMG_6089-1024x1536.jpg 1024w, https:\/\/asmsetri42.com\/wp-content\/uploads\/2023\/08\/IMG_6089-1365x2048.jpg 1365w, https:\/\/asmsetri42.com\/wp-content\/uploads\/2023\/08\/IMG_6089-scaled.jpg 1707w\" sizes=\"auto, (max-width: 683px) 100vw, 683px\" \/><\/figure>\n\n\n\n<figure class=\"wp-block-image size-large\"><img loading=\"lazy\" decoding=\"async\" width=\"683\" height=\"1024\" data-id=\"1765\" src=\"https:\/\/asmsetri42.com\/wp-content\/uploads\/2023\/08\/IMG_6181-683x1024.jpg\" alt=\"\" class=\"wp-image-1765\" srcset=\"https:\/\/asmsetri42.com\/wp-content\/uploads\/2023\/08\/IMG_6181-683x1024.jpg 683w, https:\/\/asmsetri42.com\/wp-content\/uploads\/2023\/08\/IMG_6181-200x300.jpg 200w, https:\/\/asmsetri42.com\/wp-content\/uploads\/2023\/08\/IMG_6181-768x1152.jpg 768w, https:\/\/asmsetri42.com\/wp-content\/uploads\/2023\/08\/IMG_6181-1024x1536.jpg 1024w, https:\/\/asmsetri42.com\/wp-content\/uploads\/2023\/08\/IMG_6181-1365x2048.jpg 1365w, https:\/\/asmsetri42.com\/wp-content\/uploads\/2023\/08\/IMG_6181-scaled.jpg 1707w\" sizes=\"auto, (max-width: 683px) 100vw, 683px\" \/><\/figure>\n<\/figure>\n\n\n\n<div class=\"wp-block-buttons alignwide is-content-justification-center is-layout-flex wp-container-core-buttons-is-layout-a89b3969 wp-block-buttons-is-layout-flex\">\n<div class=\"wp-block-button\"><a class=\"wp-block-button__link wp-element-button\" href=\"https:\/\/photos.google.com\/share\/AF1QipOPgwSCYyyJ-Zf2_wx2IshhFHMBMpHa26OQfAgqSywBM2vDZztq5p237RJs8TbvRg?key=VXRBdGN0c045bGNjWlhsTWhwSEFXYU8yNXJjSDBR\" target=\"_blank\" rel=\"noreferrer noopener\">photos PAO photographie \u00e9dition 2023<\/a><\/div>\n\n\n\n<div class=\"wp-block-button is-style-fill\"><a class=\"wp-block-button__link has-text-align-center wp-element-button\" href=\"https:\/\/drive.google.com\/drive\/folders\/1KFntwg5hPpSRAxwJ7TEmArhNlv1gpMeY?usp=sharing\" target=\"_blank\" rel=\"noreferrer noopener\">photos Axel Aubert \u00e9dition 2023<\/a><\/div>\n<\/div>\n\n\n\n<p><\/p>\n<\/details>\n\n\n\n<details class=\"wp-block-details is-layout-flow wp-block-details-is-layout-flow\"><summary>\u00c9dition 2017<\/summary>\n<p><strong>R\u00e9sum\u00e9 vid\u00e9o de l&rsquo;\u00e9dition 2017<\/strong><\/p>\n\n\n\n<figure class=\"wp-block-embed is-type-video is-provider-youtube wp-block-embed-youtube wp-embed-aspect-16-9 wp-has-aspect-ratio\"><div class=\"wp-block-embed__wrapper\">\n<iframe loading=\"lazy\" title=\"Triathlon Aurec sur loire 2017\" width=\"800\" height=\"450\" src=\"https:\/\/www.youtube.com\/embed\/4Ign97DT_4w?feature=oembed\" frameborder=\"0\" allow=\"accelerometer; autoplay; clipboard-write; encrypted-media; gyroscope; picture-in-picture; web-share\" referrerpolicy=\"strict-origin-when-cross-origin\" allowfullscreen><\/iframe>\n<\/div><\/figure>\n<\/details>\n\n\n\n<p>Toutes les informations sur <a href=\"http:\/\/triathlon-gorges-de-la-loire.fr\/\" target=\"_blank\" rel=\"noopener\">http:\/\/triathlon-gorges-de-la-loire.fr\/<\/a><\/p>\n\n\n\n<p><\/p>\n","protected":false},"excerpt":{"rendered":"<p>Toutes les informations sur http:\/\/triathlon-gorges-de-la-loire.fr\/<\/p>\n","protected":false},"author":1,"featured_media":0,"parent":0,"menu_order":0,"comment_status":"closed","ping_status":"closed","template":"","meta":{"footnotes":""},"class_list":["post-89","page","type-page","status-publish","hentry"],"_links":{"self":[{"href":"https:\/\/asmsetri42.com\/index.php\/wp-json\/wp\/v2\/pages\/89","targetHints":{"allow":["GET"]}}],"collection":[{"href":"https:\/\/asmsetri42.com\/index.php\/wp-json\/wp\/v2\/pages"}],"about":[{"href":"https:\/\/asmsetri42.com\/index.php\/wp-json\/wp\/v2\/types\/page"}],"author":[{"embeddable":true,"href":"https:\/\/asmsetri42.com\/index.php\/wp-json\/wp\/v2\/users\/1"}],"replies":[{"embeddable":true,"href":"https:\/\/asmsetri42.com\/index.php\/wp-json\/wp\/v2\/comments?post=89"}],"version-history":[{"count":14,"href":"https:\/\/asmsetri42.com\/index.php\/wp-json\/wp\/v2\/pages\/89\/revisions"}],"predecessor-version":[{"id":2219,"href":"https:\/\/asmsetri42.com\/index.php\/wp-json\/wp\/v2\/pages\/89\/revisions\/2219"}],"wp:attachment":[{"href":"https:\/\/asmsetri42.com\/index.php\/wp-json\/wp\/v2\/media?parent=89"}],"curies":[{"name":"wp","href":"https:\/\/api.w.org\/{rel}","templated":true}]}}