{"id":82,"date":"2017-09-02T20:58:08","date_gmt":"2017-09-02T18:58:08","guid":{"rendered":"http:\/\/asmsetri42.com\/?page_id=82"},"modified":"2024-12-11T22:52:22","modified_gmt":"2024-12-11T21:52:22","slug":"presentation-du-groupe-ld","status":"publish","type":"page","link":"https:\/\/asmsetri42.com\/index.php\/presentation-du-groupe-ld\/","title":{"rendered":"PRESENTATION DU GROUPE LD"},"content":{"rendered":"<h2 class=\"titre_page\"><span style=\"font-size: 16px;\">Le Groupe Longue Distance est n\u00e9 en 2011. L\u2019id\u00e9e \u00e9tait de f\u00e9d\u00e9rer les adeptes du Longue Distance autour d\u2019une course prestigieuse par saison.\u00a0 Depuis notre exp\u00e9rience au triathlon d&rsquo;Hy\u00e8res, nous choisissons une \u00e9preuve avec au moins un triathlon M ou S en plus de mani\u00e8re \u00e0 permettre \u00e0 un maximum de membres du club de partager ce moment<\/span><\/h2>\n<div class=\"contenu\">\n<p>Le nombre de ce groupe est de 20 \u00e0 30 adh\u00e9rents.<\/p>\n<p>Les triathlons du Groupe LD : EmbrunMan (2011), Championnat de France LD en Corse &amp; L\u2019Alpe d\u2019Huez (2012) , Championnat du Monde LD \u00e0 Belfort (2013), EmbrunMan et Cublize (2014), IronMan de Nice et le half de G\u00e9rardMer\u00a0(2015), VentouxMan et NatureMan (2016),<em><strong> Championnat de France LD \u00e0 Dijon &amp; l\u2019EmbrunMan (2017), l&rsquo;Alpe d&rsquo;Huez (2018), Hy\u00e8res (2019), Le triathlon du lac du Bouchet (2023), l&rsquo;Half du Semnoz (2024)<br \/>\n<\/strong><\/em><\/p>\n<p><strong>Objectif 2025<\/strong> &#8230; le Vercorsman<\/p>\n<div><strong>Responsables du Groupe LD : Yves Gachon, Maxime Fontaine, M\u00e9lanie M\u00e9tra avec le soutien de S\u00e9bastien Grange<\/strong><\/div>\n<\/div>\n","protected":false},"excerpt":{"rendered":"<p>Le Groupe Longue Distance est n\u00e9 en 2011. L\u2019id\u00e9e \u00e9tait de f\u00e9d\u00e9rer les adeptes du Longue Distance autour d\u2019une course<\/p>\n","protected":false},"author":1,"featured_media":0,"parent":0,"menu_order":0,"comment_status":"closed","ping_status":"closed","template":"","meta":{"footnotes":""},"class_list":["post-82","page","type-page","status-publish","hentry"],"_links":{"self":[{"href":"https:\/\/asmsetri42.com\/index.php\/wp-json\/wp\/v2\/pages\/82","targetHints":{"allow":["GET"]}}],"collection":[{"href":"https:\/\/asmsetri42.com\/index.php\/wp-json\/wp\/v2\/pages"}],"about":[{"href":"https:\/\/asmsetri42.com\/index.php\/wp-json\/wp\/v2\/types\/page"}],"author":[{"embeddable":true,"href":"https:\/\/asmsetri42.com\/index.php\/wp-json\/wp\/v2\/users\/1"}],"replies":[{"embeddable":true,"href":"https:\/\/asmsetri42.com\/index.php\/wp-json\/wp\/v2\/comments?post=82"}],"version-history":[{"count":7,"href":"https:\/\/asmsetri42.com\/index.php\/wp-json\/wp\/v2\/pages\/82\/revisions"}],"predecessor-version":[{"id":2296,"href":"https:\/\/asmsetri42.com\/index.php\/wp-json\/wp\/v2\/pages\/82\/revisions\/2296"}],"wp:attachment":[{"href":"https:\/\/asmsetri42.com\/index.php\/wp-json\/wp\/v2\/media?parent=82"}],"curies":[{"name":"wp","href":"https:\/\/api.w.org\/{rel}","templated":true}]}}