{"id":58,"date":"2017-09-02T20:30:10","date_gmt":"2017-09-02T18:30:10","guid":{"rendered":"http:\/\/asmsetri42.com\/?page_id=58"},"modified":"2024-08-25T19:04:48","modified_gmt":"2024-08-25T17:04:48","slug":"presentation","status":"publish","type":"page","link":"https:\/\/asmsetri42.com\/index.php\/presentation\/","title":{"rendered":"PRESENTATION DE L\u2019\u00c9COLE DE TRIATHLON"},"content":{"rendered":"<header class=\"entry-header\"><\/header>\n<div class=\"entry-content\">\n<h2 class=\"titre_page\">L&rsquo;\u00c9COLE DE TRIATHLON \u00c0 L&rsquo;ASMSE<\/h2>\n<div class=\"contenu\">\n<h3>ECOLE DE TRIATHLON 2\u00b0 \u00c9TOILE<\/h3>\n<p>Elle r\u00e9pond aux crit\u00e8res suivants:<\/p>\n<ul>\n<li>15 jeunes au minimum (60 inscrits actuellement)<\/li>\n<li>1 BF4 et 1 BF5 au minimum<\/li>\n<li>Au-moins 1 organisation annuelle en direction des jeunes<\/li>\n<li>60% de l\u2019effectif jeune du club participe \u00e0 la demi finale du championnat de France de triathlon<\/li>\n<li>Tests CLASS TRIATHLON pass\u00e9s par 50% des licenci\u00e9s des cat\u00e9gories benjamin \u00e0 junior<\/li>\n<\/ul>\n<p>Elle propose 3 entra\u00eenements natation jeunes dans la semaine (lundi soir-mercredi soir-samedi matin) trois s\u00e9ances course \u00e0 pied (mardi, mercredi et samedi), deux s\u00e9ances de v\u00e9lo (mercredi et vendredi) une s\u00e9ance technique-encha\u00eenements (samedi)\u00a0 sous la responsabilit\u00e9 de 5 entra\u00eeneurs.<\/p>\n<p>Un stage de 4 jours (minimes juniors) et 2 jours et demi (poussins benjamins) est organis\u00e9 pendant les vacances de P\u00e2ques et le club s\u2019associe au comit\u00e9 d\u00e9partemental pour le stage de pr\u00e9-rentr\u00e9e de la derni\u00e8re semaine d\u2019ao\u00fbt.<\/p>\n<\/div>\n<\/div>\n","protected":false},"excerpt":{"rendered":"<p>L&rsquo;\u00c9COLE DE TRIATHLON \u00c0 L&rsquo;ASMSE ECOLE DE TRIATHLON 2\u00b0 \u00c9TOILE Elle r\u00e9pond aux crit\u00e8res suivants: 15 jeunes au minimum (60<\/p>\n","protected":false},"author":1,"featured_media":2238,"parent":0,"menu_order":0,"comment_status":"closed","ping_status":"closed","template":"","meta":{"footnotes":""},"class_list":["post-58","page","type-page","status-publish","has-post-thumbnail","hentry"],"_links":{"self":[{"href":"https:\/\/asmsetri42.com\/index.php\/wp-json\/wp\/v2\/pages\/58","targetHints":{"allow":["GET"]}}],"collection":[{"href":"https:\/\/asmsetri42.com\/index.php\/wp-json\/wp\/v2\/pages"}],"about":[{"href":"https:\/\/asmsetri42.com\/index.php\/wp-json\/wp\/v2\/types\/page"}],"author":[{"embeddable":true,"href":"https:\/\/asmsetri42.com\/index.php\/wp-json\/wp\/v2\/users\/1"}],"replies":[{"embeddable":true,"href":"https:\/\/asmsetri42.com\/index.php\/wp-json\/wp\/v2\/comments?post=58"}],"version-history":[{"count":5,"href":"https:\/\/asmsetri42.com\/index.php\/wp-json\/wp\/v2\/pages\/58\/revisions"}],"predecessor-version":[{"id":1363,"href":"https:\/\/asmsetri42.com\/index.php\/wp-json\/wp\/v2\/pages\/58\/revisions\/1363"}],"wp:featuredmedia":[{"embeddable":true,"href":"https:\/\/asmsetri42.com\/index.php\/wp-json\/wp\/v2\/media\/2238"}],"wp:attachment":[{"href":"https:\/\/asmsetri42.com\/index.php\/wp-json\/wp\/v2\/media?parent=58"}],"curies":[{"name":"wp","href":"https:\/\/api.w.org\/{rel}","templated":true}]}}