{"id":346,"date":"2017-12-26T21:56:04","date_gmt":"2017-12-26T20:56:04","guid":{"rendered":"http:\/\/asmsetri42.com\/?page_id=346"},"modified":"2023-09-29T20:12:08","modified_gmt":"2023-09-29T18:12:08","slug":"tenues","status":"publish","type":"page","link":"https:\/\/asmsetri42.com\/index.php\/tenues\/","title":{"rendered":"Tenues"},"content":{"rendered":"<p>Apr\u00e8s un long m\u00fbrissement nos nouvelles tenues sont sorties 2023 et nous sommes \u00e9quip\u00e9s par MAKO (avec notamment des maillots de bain aux couleurs du club).<\/p>\n<p><a href=\"https:\/\/asmsetri42.com\/wp-content\/uploads\/2023\/05\/ASMSE-x-Mako-2023-avec-TARIFS.pdf\">Le d\u00e9pliant avec les tarifs et les photos\u00a0\u00a0<\/a><\/p>\n<p><a href=\"https:\/\/asmsetri42.com\/wp-content\/uploads\/2023\/05\/Copie-de-BDC-ASMSE-2023.xlsx\">Bon de commande<\/a><\/p>\n<p><em><strong>L&rsquo;essentiel des tenues (hors surv\u00eatements) est stock\u00e9 au local \u00e0 l&rsquo;Etivalli\u00e8re. Il est possible de prendre RV un mardi soir avant ou apr\u00e8s la course \u00e0 pied mais attention aucune vente n&rsquo;est assur\u00e9e PENDANT les entra\u00eenements. Plusieurs soir\u00e9es essayage vente sont organis\u00e9es durant l&rsquo;ann\u00e9e.<br \/>\n<\/strong><\/em><\/p>\n<p>2 gammes (PRO et TEAM) sont propos\u00e9es pour la quasi totalit\u00e9 des tenues.<\/p>\n<p><strong>Tri-fonction<\/strong><\/p>\n<p><img loading=\"lazy\" decoding=\"async\" class=\"alignnone size-medium wp-image-1663\" src=\"https:\/\/asmsetri42.com\/wp-content\/uploads\/2023\/05\/tripro-300x234.jpg\" alt=\"\" width=\"300\" height=\"234\" srcset=\"https:\/\/asmsetri42.com\/wp-content\/uploads\/2023\/05\/tripro-300x234.jpg 300w, https:\/\/asmsetri42.com\/wp-content\/uploads\/2023\/05\/tripro.jpg 697w\" sizes=\"auto, (max-width: 300px) 100vw, 300px\" \/><\/p>\n<p>Il existe plusieurs mod\u00e8les:<\/p>\n<ul>\n<li>CD\u00a0 zip devant avec poches ou zip dos sans poches<\/li>\n<li>CD dos nageur (tenue f\u00e9minine)<\/li>\n<li>LD avec manches courtes<\/li>\n<\/ul>\n<p><strong>Tenues de v\u00e9lo<\/strong><\/p>\n<p><img loading=\"lazy\" decoding=\"async\" class=\"alignnone size-medium wp-image-1664\" src=\"https:\/\/asmsetri42.com\/wp-content\/uploads\/2023\/05\/maillot-velo-300x143.jpg\" alt=\"\" width=\"300\" height=\"143\" srcset=\"https:\/\/asmsetri42.com\/wp-content\/uploads\/2023\/05\/maillot-velo-300x143.jpg 300w, https:\/\/asmsetri42.com\/wp-content\/uploads\/2023\/05\/maillot-velo-768x365.jpg 768w, https:\/\/asmsetri42.com\/wp-content\/uploads\/2023\/05\/maillot-velo.jpg 881w\" sizes=\"auto, (max-width: 300px) 100vw, 300px\" \/><\/p>\n<ul>\n<li>Cuissard court (hommes, femmes, kids)<\/li>\n<li>Cuissard long (hommes, femmes, kids)<\/li>\n<li>Maillot v\u00e9lo MC (hommes, femmes, kids)<\/li>\n<li>Maillot v\u00e9lo ML hiver (hommes, femmes, kids)<\/li>\n<li>Veste thermique<\/li>\n<\/ul>\n<p><strong>Tenues course \u00e0 pied<\/strong><\/p>\n<p><img loading=\"lazy\" decoding=\"async\" class=\"alignnone wp-image-1662 size-medium\" src=\"https:\/\/asmsetri42.com\/wp-content\/uploads\/2023\/05\/teeshirtrun-276x300.jpg\" alt=\"\" width=\"276\" height=\"300\" srcset=\"https:\/\/asmsetri42.com\/wp-content\/uploads\/2023\/05\/teeshirtrun-276x300.jpg 276w, https:\/\/asmsetri42.com\/wp-content\/uploads\/2023\/05\/teeshirtrun.jpg 455w\" sizes=\"auto, (max-width: 276px) 100vw, 276px\" \/><\/p>\n<ul>\n<li>Maillot run MC<\/li>\n<li>Maillot run ML<\/li>\n<li>Short court<\/li>\n<li>Short long<\/li>\n<li>Veste running (style coupe vent)<\/li>\n<\/ul>\n<p><strong>Natation<\/strong><\/p>\n<p><img loading=\"lazy\" decoding=\"async\" class=\"alignnone  wp-image-1661\" src=\"https:\/\/asmsetri42.com\/wp-content\/uploads\/2023\/05\/bonnet-debain-300x212.jpg\" alt=\"\" width=\"190\" height=\"134\" srcset=\"https:\/\/asmsetri42.com\/wp-content\/uploads\/2023\/05\/bonnet-debain-300x212.jpg 300w, https:\/\/asmsetri42.com\/wp-content\/uploads\/2023\/05\/bonnet-debain-768x543.jpg 768w, https:\/\/asmsetri42.com\/wp-content\/uploads\/2023\/05\/bonnet-debain.jpg 825w\" sizes=\"auto, (max-width: 190px) 100vw, 190px\" \/><img loading=\"lazy\" decoding=\"async\" class=\"alignnone  wp-image-1667\" src=\"https:\/\/asmsetri42.com\/wp-content\/uploads\/2023\/05\/maillot-homme-300x151.jpg\" alt=\"\" width=\"211\" height=\"106\" srcset=\"https:\/\/asmsetri42.com\/wp-content\/uploads\/2023\/05\/maillot-homme-300x151.jpg 300w, https:\/\/asmsetri42.com\/wp-content\/uploads\/2023\/05\/maillot-homme.jpg 657w\" sizes=\"auto, (max-width: 211px) 100vw, 211px\" \/> <img loading=\"lazy\" decoding=\"async\" class=\"alignnone  wp-image-1668\" src=\"https:\/\/asmsetri42.com\/wp-content\/uploads\/2023\/05\/maillot-femme-194x300.jpg\" alt=\"\" width=\"137\" height=\"212\" srcset=\"https:\/\/asmsetri42.com\/wp-content\/uploads\/2023\/05\/maillot-femme-194x300.jpg 194w, https:\/\/asmsetri42.com\/wp-content\/uploads\/2023\/05\/maillot-femme.jpg 409w\" sizes=\"auto, (max-width: 137px) 100vw, 137px\" \/><\/p>\n<ul>\n<li>Bonnet de bain<\/li>\n<li>Maillots de bain (hommes, femmes, kids)<\/li>\n<\/ul>\n<p>Il reste encore quelques pi\u00e8ces d&rsquo;anciennes collections:<\/p>\n<p><strong>Surv\u00eatement<\/strong> 45\u20ac (tarif jeune 25\u20ac), polos 10\u20ac<\/p>\n<p><strong>Essayages possibles <\/strong>le mardi soir au local \u00e0 18h15 ou 20h ou le jeudi \u00e0 19h15 \u00e0 Grouchy (envoyer un message au plus tard le lundi soir)<\/p>\n<p>Disponible sur demande aupr\u00e8s d&rsquo;Yves Gachon.<\/p>\n<p><strong>R\u00e9glement par ch\u00e8que \u00e0 l&rsquo;ordre de l&rsquo;ASMSE TRI 42<\/strong><\/p>\n<p>contact m\u00e9l: <strong>yves.gachon<\/strong> chez <strong>asmsetri42.fr<\/strong><\/p>\n","protected":false},"excerpt":{"rendered":"<p>Apr\u00e8s un long m\u00fbrissement nos nouvelles tenues sont sorties 2023 et nous sommes \u00e9quip\u00e9s par MAKO (avec notamment des maillots<\/p>\n","protected":false},"author":2,"featured_media":0,"parent":0,"menu_order":0,"comment_status":"closed","ping_status":"closed","template":"","meta":{"footnotes":""},"class_list":["post-346","page","type-page","status-publish","hentry"],"_links":{"self":[{"href":"https:\/\/asmsetri42.com\/index.php\/wp-json\/wp\/v2\/pages\/346","targetHints":{"allow":["GET"]}}],"collection":[{"href":"https:\/\/asmsetri42.com\/index.php\/wp-json\/wp\/v2\/pages"}],"about":[{"href":"https:\/\/asmsetri42.com\/index.php\/wp-json\/wp\/v2\/types\/page"}],"author":[{"embeddable":true,"href":"https:\/\/asmsetri42.com\/index.php\/wp-json\/wp\/v2\/users\/2"}],"replies":[{"embeddable":true,"href":"https:\/\/asmsetri42.com\/index.php\/wp-json\/wp\/v2\/comments?post=346"}],"version-history":[{"count":19,"href":"https:\/\/asmsetri42.com\/index.php\/wp-json\/wp\/v2\/pages\/346\/revisions"}],"predecessor-version":[{"id":2008,"href":"https:\/\/asmsetri42.com\/index.php\/wp-json\/wp\/v2\/pages\/346\/revisions\/2008"}],"wp:attachment":[{"href":"https:\/\/asmsetri42.com\/index.php\/wp-json\/wp\/v2\/media?parent=346"}],"curies":[{"name":"wp","href":"https:\/\/api.w.org\/{rel}","templated":true}]}}