{"id":2357,"date":"2025-02-28T19:15:54","date_gmt":"2025-02-28T18:15:54","guid":{"rendered":"https:\/\/asmsetri42.com\/?page_id=2357"},"modified":"2025-02-28T19:21:45","modified_gmt":"2025-02-28T18:21:45","slug":"mecenat","status":"publish","type":"page","link":"https:\/\/asmsetri42.com\/index.php\/mecenat\/","title":{"rendered":"m\u00e9c\u00e9nat"},"content":{"rendered":"\n<figure class=\"wp-block-image size-large\"><img loading=\"lazy\" decoding=\"async\" width=\"1024\" height=\"576\" src=\"https:\/\/asmsetri42.com\/wp-content\/uploads\/2025\/02\/11-1024x576.png\" alt=\"\" class=\"wp-image-2362\" srcset=\"https:\/\/asmsetri42.com\/wp-content\/uploads\/2025\/02\/11-1024x576.png 1024w, https:\/\/asmsetri42.com\/wp-content\/uploads\/2025\/02\/11-300x169.png 300w, https:\/\/asmsetri42.com\/wp-content\/uploads\/2025\/02\/11-768x432.png 768w, https:\/\/asmsetri42.com\/wp-content\/uploads\/2025\/02\/11-1536x864.png 1536w, https:\/\/asmsetri42.com\/wp-content\/uploads\/2025\/02\/11.png 1920w\" sizes=\"auto, (max-width: 1024px) 100vw, 1024px\" \/><\/figure>\n\n\n\n<p><\/p>\n\n\n\n<p>Vous \u00eates \u00e0 la recherche d\u2019un club \u00e9voluant au niveau national ? d\u2019une dynamique de groupe mettant en avant la valeur humaine tout en partageant des valeurs communes ? N\u2019h\u00e9sitez pas \u00e0 nous contacter !<\/p>\n\n\n\n<p>Dans le but de d\u00e9velopper le club \u00e0 diff\u00e9rents niveaux (organisation, formation, salariat, mat\u00e9riel, performance, communication pour les diff\u00e9rents groupes), nous avons BESOIN DE VOUS !<\/p>\n\n\n\n<p><em>RAPPEL : un don \u00e0 une association offre une r\u00e9duction d\u2019imp\u00f4t de 66% de la somme vers\u00e9e. Exemple, vous faites un don de 100\u20ac, vous ne \u00ab&nbsp;versez&nbsp;\u00bb en r\u00e9alit\u00e9 que 34\u20ac.<\/em><\/p>\n\n\n\n<p>En contrepartie, nous avons la possibilit\u00e9 d\u2019afficher un LOGO sur nos tenues, nos r\u00e9seaux sociaux, notre barnum et nos organisations, qui touchent bon nombre de personnes.<\/p>\n\n\n\n<p>N\u2019h\u00e9sitez pas \u00e0 allez voir nos r\u00e9seaux sociaux (<a href=\"https:\/\/www.instagram.com\/asmse_tri_42?utm_source=ig_web_button_share_sheet&amp;igsh=ZDNlZDc0MzIxNw==\">instagram<\/a> &amp; <a href=\"https:\/\/www.facebook.com\/asmsetri42\">facebook<\/a>) et \u00e0 revenir vers nous pour plus de pr\u00e9cisions !<\/p>\n\n\n\n<p>Un grand MERCI<\/p>\n\n\n\n<p>Contact : Flora, Axel ou Arthur<\/p>\n\n\n\n<p>sponsoring@asmsetri42.fr<\/p>\n","protected":false},"excerpt":{"rendered":"<p>Vous \u00eates \u00e0 la recherche d\u2019un club \u00e9voluant au niveau national ? d\u2019une dynamique de groupe mettant en avant la<\/p>\n","protected":false},"author":10,"featured_media":0,"parent":0,"menu_order":0,"comment_status":"closed","ping_status":"closed","template":"","meta":{"footnotes":""},"class_list":["post-2357","page","type-page","status-publish","hentry"],"_links":{"self":[{"href":"https:\/\/asmsetri42.com\/index.php\/wp-json\/wp\/v2\/pages\/2357","targetHints":{"allow":["GET"]}}],"collection":[{"href":"https:\/\/asmsetri42.com\/index.php\/wp-json\/wp\/v2\/pages"}],"about":[{"href":"https:\/\/asmsetri42.com\/index.php\/wp-json\/wp\/v2\/types\/page"}],"author":[{"embeddable":true,"href":"https:\/\/asmsetri42.com\/index.php\/wp-json\/wp\/v2\/users\/10"}],"replies":[{"embeddable":true,"href":"https:\/\/asmsetri42.com\/index.php\/wp-json\/wp\/v2\/comments?post=2357"}],"version-history":[{"count":3,"href":"https:\/\/asmsetri42.com\/index.php\/wp-json\/wp\/v2\/pages\/2357\/revisions"}],"predecessor-version":[{"id":2365,"href":"https:\/\/asmsetri42.com\/index.php\/wp-json\/wp\/v2\/pages\/2357\/revisions\/2365"}],"wp:attachment":[{"href":"https:\/\/asmsetri42.com\/index.php\/wp-json\/wp\/v2\/media?parent=2357"}],"curies":[{"name":"wp","href":"https:\/\/api.w.org\/{rel}","templated":true}]}}