{"id":13,"date":"2017-09-02T19:58:33","date_gmt":"2017-09-02T17:58:33","guid":{"rendered":"http:\/\/asmsetri42.com\/?page_id=13"},"modified":"2024-03-15T23:13:24","modified_gmt":"2024-03-15T22:13:24","slug":"elites","status":"publish","type":"page","link":"https:\/\/asmsetri42.com\/index.php\/elites\/","title":{"rendered":"Equipes ELITES"},"content":{"rendered":"\n<p>Les deux \u00e9quipes de l&rsquo;ASM Saint-Etienne se forment autour d&rsquo;une vingtaine d&rsquo;athl\u00e8tes, voulant partager un moment de comp\u00e9tition dans une bonne ambiance.<\/p>\n\n\n\n<div class=\"wp-block-group is-nowrap is-layout-flex wp-container-core-group-is-layout-6c531013 wp-block-group-is-layout-flex\">\n<figure class=\"wp-block-image size-large is-resized\"><img loading=\"lazy\" decoding=\"async\" width=\"1024\" height=\"683\" src=\"https:\/\/asmsetri42.com\/wp-content\/uploads\/2023\/09\/a-1024x683.jpg\" alt=\"\" class=\"wp-image-1999\" style=\"width:337px;height:auto\" srcset=\"https:\/\/asmsetri42.com\/wp-content\/uploads\/2023\/09\/a-1024x683.jpg 1024w, https:\/\/asmsetri42.com\/wp-content\/uploads\/2023\/09\/a-300x200.jpg 300w, https:\/\/asmsetri42.com\/wp-content\/uploads\/2023\/09\/a-768x512.jpg 768w, https:\/\/asmsetri42.com\/wp-content\/uploads\/2023\/09\/a.jpg 1200w\" sizes=\"auto, (max-width: 1024px) 100vw, 1024px\" \/><\/figure>\n\n\n\n<figure class=\"wp-block-image size-large is-resized\"><img loading=\"lazy\" decoding=\"async\" width=\"1024\" height=\"576\" src=\"https:\/\/asmsetri42.com\/wp-content\/uploads\/2023\/09\/1-1-1024x576.jpg\" alt=\"\" class=\"wp-image-1980\" style=\"width:404px;height:auto\" srcset=\"https:\/\/asmsetri42.com\/wp-content\/uploads\/2023\/09\/1-1-1024x576.jpg 1024w, https:\/\/asmsetri42.com\/wp-content\/uploads\/2023\/09\/1-1-300x169.jpg 300w, https:\/\/asmsetri42.com\/wp-content\/uploads\/2023\/09\/1-1-768x432.jpg 768w, https:\/\/asmsetri42.com\/wp-content\/uploads\/2023\/09\/1-1-1536x864.jpg 1536w, https:\/\/asmsetri42.com\/wp-content\/uploads\/2023\/09\/1-1-2048x1152.jpg 2048w\" sizes=\"auto, (max-width: 1024px) 100vw, 1024px\" \/><\/figure>\n<\/div>\n\n\n\n<p><strong><br>Equipe \u00e9lite F\u00e9minine : 4\u00e8 du classement g\u00e9n\u00e9ral des Grands Prix FFTRI Division 2 2023<br><\/strong><\/p>\n\n\n\n<p>Notre \u00e9quipe f\u00e9minine \u00e9volue en Division 2 pour la saison 2024 :<\/p>\n\n\n\n<ul class=\"wp-block-list\">\n<li>Flora Perrin<\/li>\n\n\n\n<li>Coralie Bailly<\/li>\n\n\n\n<li>Fantine Gonon<\/li>\n\n\n\n<li>Marie Montagne<\/li>\n\n\n\n<li>Jeanne Tondut<\/li>\n\n\n\n<li>Romane Cizeron<\/li>\n<\/ul>\n\n\n\n<p><strong>Arriv\u00e9e :<\/strong><\/p>\n\n\n\n<ul class=\"wp-block-list\">\n<li>Emily Crookes ( 19ans, <span class=\"OYPEnA text-decoration-none text-strikethrough-none\">1\u00e8re<\/span><span class=\"OYPEnA text-decoration-none text-strikethrough-none\"> \u00e0 la Coupe d\u2019Europe <\/span><span class=\"OYPEnA text-decoration-none text-strikethrough-none\">Junior Panevezys 2023,<\/span><span class=\"OYPEnA text-decoration-none text-strikethrough-none\">7\u00e8me<\/span><span class=\"OYPEnA text-decoration-none text-strikethrough-none\"> aux championnats <\/span><span class=\"OYPEnA text-decoration-none text-strikethrough-none\">du monde d\u2019Aquathlon 2023)<\/span><\/li>\n\n\n\n<li>Juliette Janne D&rsquo;oth\u00e9e (19ans, <span class=\"OYPEnA text-decoration-none text-strikethrough-none\">8\u00e8me<\/span><span class=\"OYPEnA text-decoration-none text-strikethrough-none\"> \u00e0 la Coupe d\u2019Europe <\/span><span class=\"OYPEnA text-decoration-none text-strikethrough-none\">Junior \u00e0 Dublin, <\/span><span class=\"OYPEnA text-decoration-none text-strikethrough-none\">9\u00e8me<\/span><span class=\"OYPEnA text-decoration-none text-strikethrough-none\"> \u00e0 la Coupe d\u2019Europe <\/span><span class=\"OYPEnA text-decoration-none text-strikethrough-none\">de Tiszaujvaros)<\/span><\/li>\n<\/ul>\n\n\n\n<p><strong>Equipe \u00e9lite Masculine : 14\u00e8 du classement g\u00e9n\u00e9ral des Grands Prix FFTRI Division 3 2023<br><\/strong><\/p>\n\n\n\n<div class=\"wp-block-group is-nowrap is-layout-flex wp-container-core-group-is-layout-6c531013 wp-block-group-is-layout-flex\">\n<figure class=\"wp-block-image size-full is-resized\"><img loading=\"lazy\" decoding=\"async\" width=\"768\" height=\"689\" src=\"https:\/\/asmsetri42.com\/wp-content\/uploads\/2024\/03\/IMG-20230507-WA0006-e1710527169893.jpg\" alt=\"\" class=\"wp-image-2121\" style=\"width:256px;height:auto\" srcset=\"https:\/\/asmsetri42.com\/wp-content\/uploads\/2024\/03\/IMG-20230507-WA0006-e1710527169893.jpg 768w, https:\/\/asmsetri42.com\/wp-content\/uploads\/2024\/03\/IMG-20230507-WA0006-e1710527169893-300x269.jpg 300w\" sizes=\"auto, (max-width: 768px) 100vw, 768px\" \/><\/figure>\n\n\n\n<figure class=\"wp-block-image size-full is-resized\"><img loading=\"lazy\" decoding=\"async\" width=\"1200\" height=\"789\" src=\"https:\/\/asmsetri42.com\/wp-content\/uploads\/2023\/09\/IMG-20230917-WA0041-e1710527185762.jpg\" alt=\"\" class=\"wp-image-1887\" style=\"width:352px;height:auto\" srcset=\"https:\/\/asmsetri42.com\/wp-content\/uploads\/2023\/09\/IMG-20230917-WA0041-e1710527185762.jpg 1200w, https:\/\/asmsetri42.com\/wp-content\/uploads\/2023\/09\/IMG-20230917-WA0041-e1710527185762-300x197.jpg 300w, https:\/\/asmsetri42.com\/wp-content\/uploads\/2023\/09\/IMG-20230917-WA0041-e1710527185762-1024x673.jpg 1024w, https:\/\/asmsetri42.com\/wp-content\/uploads\/2023\/09\/IMG-20230917-WA0041-e1710527185762-768x505.jpg 768w\" sizes=\"auto, (max-width: 1200px) 100vw, 1200px\" \/><\/figure>\n<\/div>\n\n\n\n<p>Notre \u00e9quipe masculine \u00e9voluera en Division 3 pour la saison 2024. Elle pourra notamment compter sur :<\/p>\n\n\n\n<ul class=\"wp-block-list\">\n<li><a href=\"https:\/\/www.facebook.com\/forissier.arthur.tri.XTERRA\/\" target=\"_blank\" rel=\"noopener noreferrer\">Arthur Forissier<\/a>\n<ul class=\"wp-block-list\">\n<li>Vice Champion du monde Xterra en 2022<\/li>\n\n\n\n<li>Champion du Monde de Cross Triathlon 2019 &amp; Vice-Champion en 2021, 3\u00e8 en 2022<\/li>\n\n\n\n<li>Champion de France de Cross Triathlon 2018, 2019, 2021 &amp; 2022<\/li>\n<\/ul>\n<\/li>\n\n\n\n<li>Ugo Raia<\/li>\n\n\n\n<li>Johan Rodriguez (nouvel arrivant)<\/li>\n\n\n\n<li>Ga\u00ebtan Vivien<\/li>\n\n\n\n<li>Augustin Bailly<\/li>\n\n\n\n<li>U23 : Tony Perrin, Priam Fleschet, Axel Aubert, Julien Ferreol<\/li>\n<\/ul>\n\n\n\n<p><strong>PARTENARIAT\/SPONSORING\/PARAINAGE:<\/strong><\/p>\n\n\n\n<p>Vous \u00eates \u00e0 la recherche d&rsquo;un club \u00e9voluant au niveau national ? d&rsquo;une dynamique de groupe mettant en avant la valeur humaine tout en partageant des valeurs communes ? N&rsquo;h\u00e9sitez pas \u00e0 nous contacter !<\/p>\n\n\n\n<p>Dans le but de <u>d\u00e9velopper le club \u00e0 diff\u00e9rents niveaux<\/u> (organisation, formation, salariat, mat\u00e9riel, performance, communication pour les diff\u00e9rents groupes), nous avons BESOIN DE VOUS !<\/p>\n\n\n\n<p><i>RAPPEL : un don \u00e0 une association offre une r\u00e9duction d&rsquo;imp\u00f4t de 66% de la somme vers\u00e9e. Exemple, vous faites un don de 100\u20ac, vous ne \u00ab\u00a0versez\u00a0\u00bb en r\u00e9alit\u00e9 que 34\u20ac.<\/i><\/p>\n\n\n\n<p>En contrepartie, nous avons la possibilit\u00e9 d&rsquo;afficher un LOGO sur nos tenues, nos r\u00e9seaux sociaux, notre barnum et nos organisations, qui touchent bon nombre de personnes.<\/p>\n\n\n\n<p>N&rsquo;h\u00e9sitez pas \u00e0 allez voir nos r\u00e9seaux sociaux (<a href=\"https:\/\/www.instagram.com\/asmse_tri_42?utm_source=ig_web_button_share_sheet&amp;igsh=ZDNlZDc0MzIxNw==\" data-type=\"link\" data-id=\"https:\/\/www.instagram.com\/asmse_tri_42?utm_source=ig_web_button_share_sheet&amp;igsh=ZDNlZDc0MzIxNw==\">instagram<\/a> &amp; <a href=\"https:\/\/www.facebook.com\/asmsetri42\" data-type=\"link\" data-id=\"https:\/\/www.facebook.com\/asmsetri42\">facebook<\/a>) et \u00e0 revenir vers nous pour plus de pr\u00e9cisions !<\/p>\n\n\n\n<p>Un grand MERCI<\/p>\n\n\n\n<p>Contact : Flora, Axel ou Arthur<\/p>\n\n\n\n<p>sponsoring@asmsetri42.fr<\/p>\n","protected":false},"excerpt":{"rendered":"<p>Les deux \u00e9quipes de l&rsquo;ASM Saint-Etienne se forment autour d&rsquo;une vingtaine d&rsquo;athl\u00e8tes, voulant partager un moment de comp\u00e9tition dans une<\/p>\n","protected":false},"author":1,"featured_media":0,"parent":0,"menu_order":0,"comment_status":"closed","ping_status":"closed","template":"","meta":{"footnotes":""},"class_list":["post-13","page","type-page","status-publish","hentry"],"_links":{"self":[{"href":"https:\/\/asmsetri42.com\/index.php\/wp-json\/wp\/v2\/pages\/13","targetHints":{"allow":["GET"]}}],"collection":[{"href":"https:\/\/asmsetri42.com\/index.php\/wp-json\/wp\/v2\/pages"}],"about":[{"href":"https:\/\/asmsetri42.com\/index.php\/wp-json\/wp\/v2\/types\/page"}],"author":[{"embeddable":true,"href":"https:\/\/asmsetri42.com\/index.php\/wp-json\/wp\/v2\/users\/1"}],"replies":[{"embeddable":true,"href":"https:\/\/asmsetri42.com\/index.php\/wp-json\/wp\/v2\/comments?post=13"}],"version-history":[{"count":46,"href":"https:\/\/asmsetri42.com\/index.php\/wp-json\/wp\/v2\/pages\/13\/revisions"}],"predecessor-version":[{"id":2141,"href":"https:\/\/asmsetri42.com\/index.php\/wp-json\/wp\/v2\/pages\/13\/revisions\/2141"}],"wp:attachment":[{"href":"https:\/\/asmsetri42.com\/index.php\/wp-json\/wp\/v2\/media?parent=13"}],"curies":[{"name":"wp","href":"https:\/\/api.w.org\/{rel}","templated":true}]}}